{"id":5733,"date":"2023-05-08T18:34:07","date_gmt":"2023-05-08T17:34:07","guid":{"rendered":"https:\/\/cias.uc.pt\/recursos\/library-resources\/"},"modified":"2025-05-07T11:16:31","modified_gmt":"2025-05-07T10:16:31","slug":"library-resources","status":"publish","type":"page","link":"https:\/\/cias.uc.pt\/pt-pt\/recursos\/library-resources\/","title":{"rendered":"Recursos da biblioteca"},"content":{"rendered":"\n<p class=\"has-text-align-center\"><p>Os <a href=\"https:\/\/drive.google.com\/file\/d\/1vgSvCyCBFXtrypgdKShla3k2K1aInSB0\/view?usp=drive_link\">livros adquiridos pelo CIAS<\/a> de 2016 at\u00e9 \u00e0 presente data est\u00e3o localizados em tr\u00eas locais: na biblioteca do Departamento de Ci\u00eancias da Vida (Biblioteca DCV), no Laborat\u00f3rio de Biologia Humana, Sa\u00fade e Sociedade (Laborat\u00f3rio BHSS), e no Laborat\u00f3rio de Genes, Popula\u00e7\u00f5es e Doen\u00e7as (Laborat\u00f3rio GPD). Os livros est\u00e3o dispon\u00edveis para qualquer pessoa, mediante solicita\u00e7\u00e3o.<\/p><\/p>\n","protected":false},"excerpt":{"rendered":"<p>The books acquired by CIAS from 2016 to the present date are located in three different places: in the library of the Department of Life Sciences (Biblioteca DCV), in the Human Biology Laboratory (Laborat\u00f3rio BH), and in the Genetic Laboratory (Laborat\u00f3rio Gen\u00e9tica). The books are available to everyone, under request.<\/p>\n","protected":false},"author":1,"featured_media":131,"parent":3199,"menu_order":5,"comment_status":"closed","ping_status":"closed","template":"","meta":{"_et_pb_use_builder":"","_et_pb_old_content":"","_et_gb_content_width":"","footnotes":"","_links_to":"","_links_to_target":""},"class_list":["post-5733","page","type-page","status-publish","has-post-thumbnail","hentry"],"acf":[],"yoast_head":"<!-- This site is optimized with the Yoast SEO plugin v27.6 - https:\/\/yoast.com\/product\/yoast-seo-wordpress\/ -->\n<title>Recursos da biblioteca - CIAS<\/title>\n<meta name=\"robots\" content=\"index, follow, max-snippet:-1, max-image-preview:large, max-video-preview:-1\" \/>\n<link rel=\"canonical\" href=\"https:\/\/cias.uc.pt\/pt-pt\/recursos\/library-resources\/\" \/>\n<meta property=\"og:locale\" content=\"pt_PT\" \/>\n<meta property=\"og:type\" content=\"article\" \/>\n<meta property=\"og:title\" content=\"Recursos da biblioteca - CIAS\" \/>\n<meta property=\"og:description\" content=\"The books acquired by CIAS from 2016 to the present date are located in three different places: in the library of the Department of Life Sciences (Biblioteca DCV), in the Human Biology Laboratory (Laborat\u00f3rio BH), and in the Genetic Laboratory (Laborat\u00f3rio Gen\u00e9tica). The books are available to everyone, under request.\" \/>\n<meta property=\"og:site_name\" content=\"CIAS\" \/>\n<meta property=\"article:publisher\" content=\"https:\/\/www.facebook.com\/CIASUC\" \/>\n<meta property=\"article:modified_time\" content=\"2025-05-07T10:16:31+00:00\" \/>\n<meta property=\"og:image\" content=\"https:\/\/cias.uc.pt\/wp-content\/uploads\/2022\/06\/cias-bg-1.jpg\" \/>\n\t<meta property=\"og:image:width\" content=\"1920\" \/>\n\t<meta property=\"og:image:height\" content=\"1280\" \/>\n\t<meta property=\"og:image:type\" content=\"image\/jpeg\" \/>\n<meta name=\"twitter:card\" content=\"summary_large_image\" \/>\n<meta name=\"twitter:site\" content=\"@cias_uc\" \/>\n<script type=\"application\/ld+json\" class=\"yoast-schema-graph\">{\"@context\":\"https:\\\/\\\/schema.org\",\"@graph\":[{\"@type\":\"WebPage\",\"@id\":\"https:\\\/\\\/cias.uc.pt\\\/pt-pt\\\/recursos\\\/library-resources\\\/\",\"url\":\"https:\\\/\\\/cias.uc.pt\\\/pt-pt\\\/recursos\\\/library-resources\\\/\",\"name\":\"Recursos da biblioteca - CIAS\",\"isPartOf\":{\"@id\":\"https:\\\/\\\/cias.uc.pt\\\/pt-pt\\\/#website\"},\"primaryImageOfPage\":{\"@id\":\"https:\\\/\\\/cias.uc.pt\\\/pt-pt\\\/recursos\\\/library-resources\\\/#primaryimage\"},\"image\":{\"@id\":\"https:\\\/\\\/cias.uc.pt\\\/pt-pt\\\/recursos\\\/library-resources\\\/#primaryimage\"},\"thumbnailUrl\":\"https:\\\/\\\/cias.uc.pt\\\/wp-content\\\/uploads\\\/2022\\\/06\\\/cias-bg-1.jpg\",\"datePublished\":\"2023-05-08T17:34:07+00:00\",\"dateModified\":\"2025-05-07T10:16:31+00:00\",\"breadcrumb\":{\"@id\":\"https:\\\/\\\/cias.uc.pt\\\/pt-pt\\\/recursos\\\/library-resources\\\/#breadcrumb\"},\"inLanguage\":\"pt-PT\",\"potentialAction\":[{\"@type\":\"ReadAction\",\"target\":[\"https:\\\/\\\/cias.uc.pt\\\/pt-pt\\\/recursos\\\/library-resources\\\/\"]}]},{\"@type\":\"ImageObject\",\"inLanguage\":\"pt-PT\",\"@id\":\"https:\\\/\\\/cias.uc.pt\\\/pt-pt\\\/recursos\\\/library-resources\\\/#primaryimage\",\"url\":\"https:\\\/\\\/cias.uc.pt\\\/wp-content\\\/uploads\\\/2022\\\/06\\\/cias-bg-1.jpg\",\"contentUrl\":\"https:\\\/\\\/cias.uc.pt\\\/wp-content\\\/uploads\\\/2022\\\/06\\\/cias-bg-1.jpg\",\"width\":1920,\"height\":1280},{\"@type\":\"BreadcrumbList\",\"@id\":\"https:\\\/\\\/cias.uc.pt\\\/pt-pt\\\/recursos\\\/library-resources\\\/#breadcrumb\",\"itemListElement\":[{\"@type\":\"ListItem\",\"position\":1,\"name\":\"In\u00edcio\",\"item\":\"https:\\\/\\\/cias.uc.pt\\\/pt-pt\\\/\"},{\"@type\":\"ListItem\",\"position\":2,\"name\":\"Recursos\",\"item\":\"https:\\\/\\\/cias.uc.pt\\\/pt-pt\\\/recursos\\\/\"},{\"@type\":\"ListItem\",\"position\":3,\"name\":\"Recursos da biblioteca\"}]},{\"@type\":\"WebSite\",\"@id\":\"https:\\\/\\\/cias.uc.pt\\\/pt-pt\\\/#website\",\"url\":\"https:\\\/\\\/cias.uc.pt\\\/pt-pt\\\/\",\"name\":\"CIAS\",\"description\":\"Centro de Investiga\u00e7\u00e3o em Antropologia e Sa\u00fade\",\"publisher\":{\"@id\":\"https:\\\/\\\/cias.uc.pt\\\/pt-pt\\\/#organization\"},\"potentialAction\":[{\"@type\":\"SearchAction\",\"target\":{\"@type\":\"EntryPoint\",\"urlTemplate\":\"https:\\\/\\\/cias.uc.pt\\\/pt-pt\\\/?s={search_term_string}\"},\"query-input\":{\"@type\":\"PropertyValueSpecification\",\"valueRequired\":true,\"valueName\":\"search_term_string\"}}],\"inLanguage\":\"pt-PT\"},{\"@type\":\"Organization\",\"@id\":\"https:\\\/\\\/cias.uc.pt\\\/pt-pt\\\/#organization\",\"name\":\"Centro de Investiga\u00e7\u00e3o em Antropologia e Sa\u00fade\",\"url\":\"https:\\\/\\\/cias.uc.pt\\\/pt-pt\\\/\",\"logo\":{\"@type\":\"ImageObject\",\"inLanguage\":\"pt-PT\",\"@id\":\"https:\\\/\\\/cias.uc.pt\\\/pt-pt\\\/#\\\/schema\\\/logo\\\/image\\\/\",\"url\":\"https:\\\/\\\/cias.uc.pt\\\/wp-content\\\/uploads\\\/2022\\\/06\\\/logo-cias.svg\",\"contentUrl\":\"https:\\\/\\\/cias.uc.pt\\\/wp-content\\\/uploads\\\/2022\\\/06\\\/logo-cias.svg\",\"width\":640,\"height\":322,\"caption\":\"Centro de Investiga\u00e7\u00e3o em Antropologia e Sa\u00fade\"},\"image\":{\"@id\":\"https:\\\/\\\/cias.uc.pt\\\/pt-pt\\\/#\\\/schema\\\/logo\\\/image\\\/\"},\"sameAs\":[\"https:\\\/\\\/www.facebook.com\\\/CIASUC\",\"https:\\\/\\\/x.com\\\/cias_uc\",\"https:\\\/\\\/www.youtube.com\\\/channel\\\/UCdDMmUN7m4v_65jMPsE4pqg\",\"https:\\\/\\\/www.instagram.com\\\/cias_uc\\\/\"]}]}<\/script>\n<!-- \/ Yoast SEO plugin. -->","yoast_head_json":{"title":"Recursos da biblioteca - CIAS","robots":{"index":"index","follow":"follow","max-snippet":"max-snippet:-1","max-image-preview":"max-image-preview:large","max-video-preview":"max-video-preview:-1"},"canonical":"https:\/\/cias.uc.pt\/pt-pt\/recursos\/library-resources\/","og_locale":"pt_PT","og_type":"article","og_title":"Recursos da biblioteca - CIAS","og_description":"The books acquired by CIAS from 2016 to the present date are located in three different places: in the library of the Department of Life Sciences (Biblioteca DCV), in the Human Biology Laboratory (Laborat\u00f3rio BH), and in the Genetic Laboratory (Laborat\u00f3rio Gen\u00e9tica). The books are available to everyone, under request.","og_site_name":"CIAS","article_publisher":"https:\/\/www.facebook.com\/CIASUC","article_modified_time":"2025-05-07T10:16:31+00:00","og_image":[{"width":1920,"height":1280,"url":"https:\/\/cias.uc.pt\/wp-content\/uploads\/2022\/06\/cias-bg-1.jpg","type":"image\/jpeg"}],"twitter_card":"summary_large_image","twitter_site":"@cias_uc","schema":{"@context":"https:\/\/schema.org","@graph":[{"@type":"WebPage","@id":"https:\/\/cias.uc.pt\/pt-pt\/recursos\/library-resources\/","url":"https:\/\/cias.uc.pt\/pt-pt\/recursos\/library-resources\/","name":"Recursos da biblioteca - CIAS","isPartOf":{"@id":"https:\/\/cias.uc.pt\/pt-pt\/#website"},"primaryImageOfPage":{"@id":"https:\/\/cias.uc.pt\/pt-pt\/recursos\/library-resources\/#primaryimage"},"image":{"@id":"https:\/\/cias.uc.pt\/pt-pt\/recursos\/library-resources\/#primaryimage"},"thumbnailUrl":"https:\/\/cias.uc.pt\/wp-content\/uploads\/2022\/06\/cias-bg-1.jpg","datePublished":"2023-05-08T17:34:07+00:00","dateModified":"2025-05-07T10:16:31+00:00","breadcrumb":{"@id":"https:\/\/cias.uc.pt\/pt-pt\/recursos\/library-resources\/#breadcrumb"},"inLanguage":"pt-PT","potentialAction":[{"@type":"ReadAction","target":["https:\/\/cias.uc.pt\/pt-pt\/recursos\/library-resources\/"]}]},{"@type":"ImageObject","inLanguage":"pt-PT","@id":"https:\/\/cias.uc.pt\/pt-pt\/recursos\/library-resources\/#primaryimage","url":"https:\/\/cias.uc.pt\/wp-content\/uploads\/2022\/06\/cias-bg-1.jpg","contentUrl":"https:\/\/cias.uc.pt\/wp-content\/uploads\/2022\/06\/cias-bg-1.jpg","width":1920,"height":1280},{"@type":"BreadcrumbList","@id":"https:\/\/cias.uc.pt\/pt-pt\/recursos\/library-resources\/#breadcrumb","itemListElement":[{"@type":"ListItem","position":1,"name":"In\u00edcio","item":"https:\/\/cias.uc.pt\/pt-pt\/"},{"@type":"ListItem","position":2,"name":"Recursos","item":"https:\/\/cias.uc.pt\/pt-pt\/recursos\/"},{"@type":"ListItem","position":3,"name":"Recursos da biblioteca"}]},{"@type":"WebSite","@id":"https:\/\/cias.uc.pt\/pt-pt\/#website","url":"https:\/\/cias.uc.pt\/pt-pt\/","name":"CIAS","description":"Centro de Investiga\u00e7\u00e3o em Antropologia e Sa\u00fade","publisher":{"@id":"https:\/\/cias.uc.pt\/pt-pt\/#organization"},"potentialAction":[{"@type":"SearchAction","target":{"@type":"EntryPoint","urlTemplate":"https:\/\/cias.uc.pt\/pt-pt\/?s={search_term_string}"},"query-input":{"@type":"PropertyValueSpecification","valueRequired":true,"valueName":"search_term_string"}}],"inLanguage":"pt-PT"},{"@type":"Organization","@id":"https:\/\/cias.uc.pt\/pt-pt\/#organization","name":"Centro de Investiga\u00e7\u00e3o em Antropologia e Sa\u00fade","url":"https:\/\/cias.uc.pt\/pt-pt\/","logo":{"@type":"ImageObject","inLanguage":"pt-PT","@id":"https:\/\/cias.uc.pt\/pt-pt\/#\/schema\/logo\/image\/","url":"https:\/\/cias.uc.pt\/wp-content\/uploads\/2022\/06\/logo-cias.svg","contentUrl":"https:\/\/cias.uc.pt\/wp-content\/uploads\/2022\/06\/logo-cias.svg","width":640,"height":322,"caption":"Centro de Investiga\u00e7\u00e3o em Antropologia e Sa\u00fade"},"image":{"@id":"https:\/\/cias.uc.pt\/pt-pt\/#\/schema\/logo\/image\/"},"sameAs":["https:\/\/www.facebook.com\/CIASUC","https:\/\/x.com\/cias_uc","https:\/\/www.youtube.com\/channel\/UCdDMmUN7m4v_65jMPsE4pqg","https:\/\/www.instagram.com\/cias_uc\/"]}]}},"_links":{"self":[{"href":"https:\/\/cias.uc.pt\/pt-pt\/wp-json\/wp\/v2\/pages\/5733","targetHints":{"allow":["GET"]}}],"collection":[{"href":"https:\/\/cias.uc.pt\/pt-pt\/wp-json\/wp\/v2\/pages"}],"about":[{"href":"https:\/\/cias.uc.pt\/pt-pt\/wp-json\/wp\/v2\/types\/page"}],"author":[{"embeddable":true,"href":"https:\/\/cias.uc.pt\/pt-pt\/wp-json\/wp\/v2\/users\/1"}],"replies":[{"embeddable":true,"href":"https:\/\/cias.uc.pt\/pt-pt\/wp-json\/wp\/v2\/comments?post=5733"}],"version-history":[{"count":3,"href":"https:\/\/cias.uc.pt\/pt-pt\/wp-json\/wp\/v2\/pages\/5733\/revisions"}],"predecessor-version":[{"id":7079,"href":"https:\/\/cias.uc.pt\/pt-pt\/wp-json\/wp\/v2\/pages\/5733\/revisions\/7079"}],"up":[{"embeddable":true,"href":"https:\/\/cias.uc.pt\/pt-pt\/wp-json\/wp\/v2\/pages\/3199"}],"wp:featuredmedia":[{"embeddable":true,"href":"https:\/\/cias.uc.pt\/pt-pt\/wp-json\/wp\/v2\/media\/131"}],"wp:attachment":[{"href":"https:\/\/cias.uc.pt\/pt-pt\/wp-json\/wp\/v2\/media?parent=5733"}],"curies":[{"name":"wp","href":"https:\/\/api.w.org\/{rel}","templated":true}]}}