{"id":5040,"date":"2023-08-20T20:50:17","date_gmt":"2023-08-20T19:50:17","guid":{"rendered":"https:\/\/cias.uc.pt\/noticias-e-eventos\/eventos\/"},"modified":"2023-08-20T20:50:17","modified_gmt":"2023-08-20T19:50:17","slug":"eventos","status":"publish","type":"page","link":"https:\/\/cias.uc.pt\/pt-pt\/noticias-e-eventos\/eventos\/","title":{"rendered":"Eventos"},"content":{"rendered":"<div class=\"pt-cv-wrapper et_smooth_scroll_disabled\"><div class=\"pt-cv-view pt-cv-grid pt-cv-colsys pt-cv-same-height pt-cv-pginfinite pt-cv-reused people_view\" id=\"pt-cv-view-8bfe67bch3\"><div data-id=\"pt-cv-page-1\" class=\"pt-cv-page\" data-cvc=\"3\" data-cvct=\"3\" data-cvcm=\"1\"><div class=\"col-md-4 col-sm-4 col-xs-12 pt-cv-content-item pt-cv-1-col\"  data-pid=\"7910\"><div class='pt-cv-ifield'><a href=\"https:\/\/cias.uc.pt\/pt-pt\/evento\/conferencia-com-jane-e-buikstra\/\" class=\"_self pt-cv-href-thumbnail pt-cv-thumb-default cvplbd cvp-responsive-image img-circle\" target=\"_self\" data-iw=\"300\" data-ih=\"300\"><img loading=\"lazy\" decoding=\"async\" width=\"212\" height=\"300\" src=\"https:\/\/cias.uc.pt\/wp-content\/uploads\/2025\/10\/Doc1-1-1-212x300.png\" class=\"pt-cv-thumbnail img-circle skip-lazy \" alt=\"Confer\u00eancia com Jane E. Buikstra\" \/><\/a>\n<div class=\"pt-cv-ctf-list\" data-cvc=\"1\"><div class=\"col-md-12 pt-cv-ctf-column\"><div class=\"pt-cv-custom-fields pt-cv-ctf-date\"><div class=\"pt-cv-ctf-value\">14 de outubro, 2025<\/div><\/div><\/div><\/div>\n<h3 class=\"pt-cv-title\"><a href=\"https:\/\/cias.uc.pt\/pt-pt\/evento\/conferencia-com-jane-e-buikstra\/\" class=\"_self cvplbd\" target=\"_self\" data-iw=\"300\" data-ih=\"300\">Confer\u00eancia com Jane E. Buikstra<\/a><\/h3><\/div><\/div>\n<div class=\"col-md-4 col-sm-4 col-xs-12 pt-cv-content-item pt-cv-1-col\"  data-pid=\"7918\"><div class='pt-cv-ifield'><a href=\"https:\/\/cias.uc.pt\/pt-pt\/evento\/aula-aberta-do-doutoramento-em-antropologia-com-sarah-meltzoff\/\" class=\"_self pt-cv-href-thumbnail pt-cv-thumb-default cvplbd cvp-responsive-image img-circle\" target=\"_self\" data-iw=\"300\" data-ih=\"300\"><img loading=\"lazy\" decoding=\"async\" width=\"300\" height=\"300\" src=\"https:\/\/cias.uc.pt\/wp-content\/uploads\/2025\/10\/aula-aberta-Sarah-Meltzoff-300x300.png\" class=\"pt-cv-thumbnail img-circle skip-lazy \" alt=\"Aula Aberta do Doutoramento em Antropologia - Com Sarah Meltzoff\" \/><\/a>\n<div class=\"pt-cv-ctf-list\" data-cvc=\"1\"><div class=\"col-md-12 pt-cv-ctf-column\"><div class=\"pt-cv-custom-fields pt-cv-ctf-date\"><div class=\"pt-cv-ctf-value\">10 de outubro, 2025<\/div><\/div><\/div><\/div>\n<h3 class=\"pt-cv-title\"><a href=\"https:\/\/cias.uc.pt\/pt-pt\/evento\/aula-aberta-do-doutoramento-em-antropologia-com-sarah-meltzoff\/\" class=\"_self cvplbd\" target=\"_self\" data-iw=\"300\" data-ih=\"300\">Aula Aberta do Doutoramento em Antropologia &#8211; Com Sarah Meltzoff<\/a><\/h3><\/div><\/div>\n<div class=\"col-md-4 col-sm-4 col-xs-12 pt-cv-content-item pt-cv-1-col\"  data-pid=\"7922\"><div class='pt-cv-ifield'><a href=\"https:\/\/cias.uc.pt\/pt-pt\/evento\/%f0%9d%90%80%f0%9d%90%a9%f0%9d%90%ab%f0%9d%90%9e%f0%9d%90%ac%f0%9d%90%9e%f0%9d%90%a7%f0%9d%90%ad%f0%9d%90%9a%f0%9d%90%9c%cc%a7%f0%9d%90%9a%cc%83%f0%9d%90%a8-%f0%9d%90%9d%f0%9d%90%a8-%f0%9d%90%a5\/\" class=\"_self pt-cv-href-thumbnail pt-cv-thumb-default cvplbd cvp-responsive-image img-circle\" target=\"_self\" data-iw=\"300\" data-ih=\"300\"><img loading=\"lazy\" decoding=\"async\" width=\"212\" height=\"300\" src=\"https:\/\/cias.uc.pt\/wp-content\/uploads\/2025\/10\/lancamento-livro-212x300.jpg\" class=\"pt-cv-thumbnail img-circle skip-lazy \" alt=\"Apresenta\u00e7\u00e3o do livro Primeiros Abalos do movimento franc\u00eas Les Soul\u00e8vements de la terre\" \/><\/a>\n<div class=\"pt-cv-ctf-list\" data-cvc=\"1\"><div class=\"col-md-12 pt-cv-ctf-column\"><div class=\"pt-cv-custom-fields pt-cv-ctf-date\"><div class=\"pt-cv-ctf-value\">3 de outubro, 2025<\/div><\/div><\/div><\/div>\n<h3 class=\"pt-cv-title\"><a href=\"https:\/\/cias.uc.pt\/pt-pt\/evento\/%f0%9d%90%80%f0%9d%90%a9%f0%9d%90%ab%f0%9d%90%9e%f0%9d%90%ac%f0%9d%90%9e%f0%9d%90%a7%f0%9d%90%ad%f0%9d%90%9a%f0%9d%90%9c%cc%a7%f0%9d%90%9a%cc%83%f0%9d%90%a8-%f0%9d%90%9d%f0%9d%90%a8-%f0%9d%90%a5\/\" class=\"_self cvplbd\" target=\"_self\" data-iw=\"300\" data-ih=\"300\">Apresenta\u00e7\u00e3o do livro Primeiros Abalos do movimento franc\u00eas Les Soul\u00e8vements de la terre<\/a><\/h3><\/div><\/div>\n<div class=\"col-md-4 col-sm-4 col-xs-12 pt-cv-content-item pt-cv-1-col\"  data-pid=\"7926\"><div class='pt-cv-ifield'><a href=\"https:\/\/cias.uc.pt\/pt-pt\/evento\/ciclo-de-seminarios-sobre-a-china-e-o-mundo-com-soledad-jimenez-tovar\/\" class=\"_self pt-cv-href-thumbnail pt-cv-thumb-default cvplbd cvp-responsive-image img-circle\" target=\"_self\" data-iw=\"300\" data-ih=\"300\"><img loading=\"lazy\" decoding=\"async\" width=\"212\" height=\"300\" src=\"https:\/\/cias.uc.pt\/wp-content\/uploads\/2025\/10\/547006623_122137677956874171_1028710740849573758_n-212x300.jpg\" class=\"pt-cv-thumbnail img-circle skip-lazy \" alt=\"Ciclo de Semin\u00e1rios sobre a China e o Mundo - Com Soledad Jimenez-Tovar\" \/><\/a>\n<div class=\"pt-cv-ctf-list\" data-cvc=\"1\"><div class=\"col-md-12 pt-cv-ctf-column\"><div class=\"pt-cv-custom-fields pt-cv-ctf-date\"><div class=\"pt-cv-ctf-value\">11 de setembro, 2025<\/div><\/div><\/div><\/div>\n<h3 class=\"pt-cv-title\"><a href=\"https:\/\/cias.uc.pt\/pt-pt\/evento\/ciclo-de-seminarios-sobre-a-china-e-o-mundo-com-soledad-jimenez-tovar\/\" class=\"_self cvplbd\" target=\"_self\" data-iw=\"300\" data-ih=\"300\">Ciclo de Semin\u00e1rios sobre a China e o Mundo &#8211; Com Soledad Jimenez-Tovar<\/a><\/h3><\/div><\/div>\n<div class=\"col-md-4 col-sm-4 col-xs-12 pt-cv-content-item pt-cv-1-col\"  data-pid=\"7361\"><div class='pt-cv-ifield'><a href=\"https:\/\/cias.uc.pt\/pt-pt\/evento\/aula-aberta-com-juan-manuel-zaragoza\/\" class=\"_self pt-cv-href-thumbnail pt-cv-thumb-default cvplbd cvp-responsive-image img-circle\" target=\"_self\" data-iw=\"300\" data-ih=\"300\"><img loading=\"lazy\" decoding=\"async\" width=\"300\" height=\"300\" src=\"https:\/\/cias.uc.pt\/wp-content\/uploads\/2025\/07\/516114176_122121527012874171_118698086412391180_n-300x300.jpg\" class=\"pt-cv-thumbnail img-circle skip-lazy \" alt=\"Aula aberta com Juan Manuel Zaragoza\" \/><\/a>\n<div class=\"pt-cv-ctf-list\" data-cvc=\"1\"><div class=\"col-md-12 pt-cv-ctf-column\"><div class=\"pt-cv-custom-fields pt-cv-ctf-date\"><div class=\"pt-cv-ctf-value\">24 de Julho, 2025<\/div><\/div><\/div><\/div>\n<h3 class=\"pt-cv-title\"><a href=\"https:\/\/cias.uc.pt\/pt-pt\/evento\/aula-aberta-com-juan-manuel-zaragoza\/\" class=\"_self cvplbd\" target=\"_self\" data-iw=\"300\" data-ih=\"300\">Aula aberta com Juan Manuel Zaragoza<\/a><\/h3><\/div><\/div>\n<div class=\"col-md-4 col-sm-4 col-xs-12 pt-cv-content-item pt-cv-1-col\"  data-pid=\"7348\"><div class='pt-cv-ifield'><a href=\"https:\/\/cias.uc.pt\/pt-pt\/evento\/conferencia-com-nestor-hernandez-canales\/\" class=\"_self pt-cv-href-thumbnail pt-cv-thumb-default cvplbd cvp-responsive-image img-circle\" target=\"_self\" data-iw=\"300\" data-ih=\"300\"><img loading=\"lazy\" decoding=\"async\" width=\"212\" height=\"300\" src=\"https:\/\/cias.uc.pt\/wp-content\/uploads\/2025\/07\/Cartaz-Conferencia-Nestor-1-212x300.jpg\" class=\"pt-cv-thumbnail img-circle skip-lazy \" alt=\"Confer\u00eancia com N\u00e9stor Hern\u00e1ndez Canales\" \/><\/a>\n<div class=\"pt-cv-ctf-list\" data-cvc=\"1\"><div class=\"col-md-12 pt-cv-ctf-column\"><div class=\"pt-cv-custom-fields pt-cv-ctf-date\"><div class=\"pt-cv-ctf-value\">24 de julho, 2025<\/div><\/div><\/div><\/div>\n<h3 class=\"pt-cv-title\"><a href=\"https:\/\/cias.uc.pt\/pt-pt\/evento\/conferencia-com-nestor-hernandez-canales\/\" class=\"_self cvplbd\" target=\"_self\" data-iw=\"300\" data-ih=\"300\">Confer\u00eancia com N\u00e9stor Hern\u00e1ndez Canales<\/a><\/h3><\/div><\/div><\/div><\/div>\n<div class=\"text-left pt-cv-pagination-wrapper\"><a href='https:\/\/cias.uc.pt\/pt-pt\/wp-json\/wp\/v2\/pages\/5040\/?_page=2' onclick='event.preventDefault()' class=\"pt-cv-more btn btn-primary btn-sm\" data-totalpages=\"11\" data-nextpages=\"2\" data-sid=\"8bfe67bch3\" data-unid=\"0d7337433b03c85bcffeb2744bbaa146\" data-isblock=\"\" data-postid=\"\">More <span class=\"caret\"><\/span><\/a><img loading=\"lazy\" decoding=\"async\" width=\"15\" height=\"15\" class=\"pt-cv-spinner\" alt=\"Loading...\" src=\"data:image\/gif;base64,R0lGODlhDwAPALMPAMrKygwMDJOTkz09PZWVla+vr3p6euTk5M7OzuXl5TMzMwAAAJmZmWZmZszMzP\/\/\/yH\/C05FVFNDQVBFMi4wAwEAAAAh+QQFCgAPACwAAAAADwAPAAAEQvDJaZaZOIcV8iQK8VRX4iTYoAwZ4iCYoAjZ4RxejhVNoT+mRGP4cyF4Pp0N98sBGIBMEMOotl6YZ3S61Bmbkm4mAgAh+QQFCgAPACwAAAAADQANAAAENPDJSRSZeA418itN8QiK8BiLITVsFiyBBIoYqnoewAD4xPw9iY4XLGYSjkQR4UAUD45DLwIAIfkEBQoADwAsAAAAAA8ACQAABC\/wyVlamTi3nSdgwFNdhEJgTJoNyoB9ISYoQmdjiZPcj7EYCAeCF1gEDo4Dz2eIAAAh+QQFCgAPACwCAAAADQANAAAEM\/DJBxiYeLKdX3IJZT1FU0iIg2RNKx3OkZVnZ98ToRD4MyiDnkAh6BkNC0MvsAj0kMpHBAAh+QQFCgAPACwGAAAACQAPAAAEMDC59KpFDll73HkAA2wVY5KgiK5b0RRoI6MuzG6EQqCDMlSGheEhUAgqgUUAFRySIgAh+QQFCgAPACwCAAIADQANAAAEM\/DJKZNLND\/kkKaHc3xk+QAMYDKsiaqmZCxGVjSFFCxB1vwy2oOgIDxuucxAMTAJFAJNBAAh+QQFCgAPACwAAAYADwAJAAAEMNAs86q1yaWwwv2Ig0jUZx3OYa4XoRAfwADXoAwfo1+CIjyFRuEho60aSNYlOPxEAAAh+QQFCgAPACwAAAIADQANAAAENPA9s4y8+IUVcqaWJ4qEQozSoAzoIyhCK2NFU2SJk0hNnyEOhKR2AzAAj4Pj4GE4W0bkJQIAOw==\" \/><div class=\"clear pt-cv-clear-pagination\"><\/div><\/div><\/div>\t\t\t<style type=\"text\/css\" id=\"pt-cv-inline-style-306bd89va0\">#pt-cv-view-8bfe67bch3 .pt-cv-readmore  { color: #ffffff !important; }\n#pt-cv-view-8bfe67bch3 .pt-cv-readmore:hover  { color: #ffffff !important; }\n#pt-cv-view-8bfe67bch3  + .pt-cv-pagination-wrapper .pt-cv-more , #pt-cv-view-8bfe67bch3  + .pt-cv-pagination-wrapper .pagination .active a, .pt-cv-pagination[data-sid='8bfe67bch3'] .active a { color: #ffffff !important; background-color: #00aeef !important; }\n#pt-cv-view-8bfe67bch3 .cvp-responsive-image[style*=\"background-image\"] { width: 300px; max-height: 300px; overflow: hidden; aspect-ratio: 1 }\n#pt-cv-view-8bfe67bch3 .cvp-responsive-image img { max-width: 300px; max-height: 300px; aspect-ratio: 1 }<\/style>\r\n\t\t\t\n","protected":false},"excerpt":{"rendered":"","protected":false},"author":1,"featured_media":131,"parent":3176,"menu_order":1,"comment_status":"closed","ping_status":"closed","template":"","meta":{"_et_pb_use_builder":"","_et_pb_old_content":"","_et_gb_content_width":"","footnotes":"","_links_to":"","_links_to_target":""},"class_list":["post-5040","page","type-page","status-publish","has-post-thumbnail","hentry"],"acf":[],"yoast_head":"<!-- This site is optimized with the Yoast SEO plugin v27.6 - https:\/\/yoast.com\/product\/yoast-seo-wordpress\/ -->\n<title>Eventos - CIAS<\/title>\n<meta name=\"robots\" content=\"index, follow, max-snippet:-1, max-image-preview:large, max-video-preview:-1\" \/>\n<link rel=\"canonical\" href=\"https:\/\/cias.uc.pt\/pt-pt\/noticias-e-eventos\/eventos\/\" \/>\n<meta property=\"og:locale\" content=\"pt_PT\" \/>\n<meta property=\"og:type\" content=\"article\" \/>\n<meta property=\"og:title\" content=\"Eventos - CIAS\" \/>\n<meta property=\"og:site_name\" content=\"CIAS\" \/>\n<meta property=\"article:publisher\" content=\"https:\/\/www.facebook.com\/CIASUC\" \/>\n<meta property=\"og:image\" content=\"https:\/\/cias.uc.pt\/wp-content\/uploads\/2022\/06\/cias-bg-1.jpg\" \/>\n\t<meta property=\"og:image:width\" content=\"1920\" \/>\n\t<meta property=\"og:image:height\" content=\"1280\" \/>\n\t<meta property=\"og:image:type\" content=\"image\/jpeg\" \/>\n<meta name=\"twitter:card\" content=\"summary_large_image\" \/>\n<meta name=\"twitter:site\" content=\"@cias_uc\" \/>\n<script type=\"application\/ld+json\" class=\"yoast-schema-graph\">{\"@context\":\"https:\\\/\\\/schema.org\",\"@graph\":[{\"@type\":\"WebPage\",\"@id\":\"https:\\\/\\\/cias.uc.pt\\\/pt-pt\\\/noticias-e-eventos\\\/eventos\\\/\",\"url\":\"https:\\\/\\\/cias.uc.pt\\\/pt-pt\\\/noticias-e-eventos\\\/eventos\\\/\",\"name\":\"Eventos - CIAS\",\"isPartOf\":{\"@id\":\"https:\\\/\\\/cias.uc.pt\\\/pt-pt\\\/#website\"},\"primaryImageOfPage\":{\"@id\":\"https:\\\/\\\/cias.uc.pt\\\/pt-pt\\\/noticias-e-eventos\\\/eventos\\\/#primaryimage\"},\"image\":{\"@id\":\"https:\\\/\\\/cias.uc.pt\\\/pt-pt\\\/noticias-e-eventos\\\/eventos\\\/#primaryimage\"},\"thumbnailUrl\":\"https:\\\/\\\/cias.uc.pt\\\/wp-content\\\/uploads\\\/2022\\\/06\\\/cias-bg-1.jpg\",\"datePublished\":\"2023-08-20T19:50:17+00:00\",\"breadcrumb\":{\"@id\":\"https:\\\/\\\/cias.uc.pt\\\/pt-pt\\\/noticias-e-eventos\\\/eventos\\\/#breadcrumb\"},\"inLanguage\":\"pt-PT\",\"potentialAction\":[{\"@type\":\"ReadAction\",\"target\":[\"https:\\\/\\\/cias.uc.pt\\\/pt-pt\\\/noticias-e-eventos\\\/eventos\\\/\"]}]},{\"@type\":\"ImageObject\",\"inLanguage\":\"pt-PT\",\"@id\":\"https:\\\/\\\/cias.uc.pt\\\/pt-pt\\\/noticias-e-eventos\\\/eventos\\\/#primaryimage\",\"url\":\"https:\\\/\\\/cias.uc.pt\\\/wp-content\\\/uploads\\\/2022\\\/06\\\/cias-bg-1.jpg\",\"contentUrl\":\"https:\\\/\\\/cias.uc.pt\\\/wp-content\\\/uploads\\\/2022\\\/06\\\/cias-bg-1.jpg\",\"width\":1920,\"height\":1280},{\"@type\":\"BreadcrumbList\",\"@id\":\"https:\\\/\\\/cias.uc.pt\\\/pt-pt\\\/noticias-e-eventos\\\/eventos\\\/#breadcrumb\",\"itemListElement\":[{\"@type\":\"ListItem\",\"position\":1,\"name\":\"In\u00edcio\",\"item\":\"https:\\\/\\\/cias.uc.pt\\\/pt-pt\\\/\"},{\"@type\":\"ListItem\",\"position\":2,\"name\":\"Not\u00edcias e Eventos\",\"item\":\"https:\\\/\\\/cias.uc.pt\\\/pt-pt\\\/noticias-e-eventos\\\/\"},{\"@type\":\"ListItem\",\"position\":3,\"name\":\"Eventos\"}]},{\"@type\":\"WebSite\",\"@id\":\"https:\\\/\\\/cias.uc.pt\\\/pt-pt\\\/#website\",\"url\":\"https:\\\/\\\/cias.uc.pt\\\/pt-pt\\\/\",\"name\":\"CIAS\",\"description\":\"Centro de Investiga\u00e7\u00e3o em Antropologia e Sa\u00fade\",\"publisher\":{\"@id\":\"https:\\\/\\\/cias.uc.pt\\\/pt-pt\\\/#organization\"},\"potentialAction\":[{\"@type\":\"SearchAction\",\"target\":{\"@type\":\"EntryPoint\",\"urlTemplate\":\"https:\\\/\\\/cias.uc.pt\\\/pt-pt\\\/?s={search_term_string}\"},\"query-input\":{\"@type\":\"PropertyValueSpecification\",\"valueRequired\":true,\"valueName\":\"search_term_string\"}}],\"inLanguage\":\"pt-PT\"},{\"@type\":\"Organization\",\"@id\":\"https:\\\/\\\/cias.uc.pt\\\/pt-pt\\\/#organization\",\"name\":\"Centro de Investiga\u00e7\u00e3o em Antropologia e Sa\u00fade\",\"url\":\"https:\\\/\\\/cias.uc.pt\\\/pt-pt\\\/\",\"logo\":{\"@type\":\"ImageObject\",\"inLanguage\":\"pt-PT\",\"@id\":\"https:\\\/\\\/cias.uc.pt\\\/pt-pt\\\/#\\\/schema\\\/logo\\\/image\\\/\",\"url\":\"https:\\\/\\\/cias.uc.pt\\\/wp-content\\\/uploads\\\/2022\\\/06\\\/logo-cias.svg\",\"contentUrl\":\"https:\\\/\\\/cias.uc.pt\\\/wp-content\\\/uploads\\\/2022\\\/06\\\/logo-cias.svg\",\"width\":640,\"height\":322,\"caption\":\"Centro de Investiga\u00e7\u00e3o em Antropologia e Sa\u00fade\"},\"image\":{\"@id\":\"https:\\\/\\\/cias.uc.pt\\\/pt-pt\\\/#\\\/schema\\\/logo\\\/image\\\/\"},\"sameAs\":[\"https:\\\/\\\/www.facebook.com\\\/CIASUC\",\"https:\\\/\\\/x.com\\\/cias_uc\",\"https:\\\/\\\/www.youtube.com\\\/channel\\\/UCdDMmUN7m4v_65jMPsE4pqg\",\"https:\\\/\\\/www.instagram.com\\\/cias_uc\\\/\"]}]}<\/script>\n<!-- \/ Yoast SEO plugin. -->","yoast_head_json":{"title":"Eventos - CIAS","robots":{"index":"index","follow":"follow","max-snippet":"max-snippet:-1","max-image-preview":"max-image-preview:large","max-video-preview":"max-video-preview:-1"},"canonical":"https:\/\/cias.uc.pt\/pt-pt\/noticias-e-eventos\/eventos\/","og_locale":"pt_PT","og_type":"article","og_title":"Eventos - CIAS","og_site_name":"CIAS","article_publisher":"https:\/\/www.facebook.com\/CIASUC","og_image":[{"width":1920,"height":1280,"url":"https:\/\/cias.uc.pt\/wp-content\/uploads\/2022\/06\/cias-bg-1.jpg","type":"image\/jpeg"}],"twitter_card":"summary_large_image","twitter_site":"@cias_uc","schema":{"@context":"https:\/\/schema.org","@graph":[{"@type":"WebPage","@id":"https:\/\/cias.uc.pt\/pt-pt\/noticias-e-eventos\/eventos\/","url":"https:\/\/cias.uc.pt\/pt-pt\/noticias-e-eventos\/eventos\/","name":"Eventos - CIAS","isPartOf":{"@id":"https:\/\/cias.uc.pt\/pt-pt\/#website"},"primaryImageOfPage":{"@id":"https:\/\/cias.uc.pt\/pt-pt\/noticias-e-eventos\/eventos\/#primaryimage"},"image":{"@id":"https:\/\/cias.uc.pt\/pt-pt\/noticias-e-eventos\/eventos\/#primaryimage"},"thumbnailUrl":"https:\/\/cias.uc.pt\/wp-content\/uploads\/2022\/06\/cias-bg-1.jpg","datePublished":"2023-08-20T19:50:17+00:00","breadcrumb":{"@id":"https:\/\/cias.uc.pt\/pt-pt\/noticias-e-eventos\/eventos\/#breadcrumb"},"inLanguage":"pt-PT","potentialAction":[{"@type":"ReadAction","target":["https:\/\/cias.uc.pt\/pt-pt\/noticias-e-eventos\/eventos\/"]}]},{"@type":"ImageObject","inLanguage":"pt-PT","@id":"https:\/\/cias.uc.pt\/pt-pt\/noticias-e-eventos\/eventos\/#primaryimage","url":"https:\/\/cias.uc.pt\/wp-content\/uploads\/2022\/06\/cias-bg-1.jpg","contentUrl":"https:\/\/cias.uc.pt\/wp-content\/uploads\/2022\/06\/cias-bg-1.jpg","width":1920,"height":1280},{"@type":"BreadcrumbList","@id":"https:\/\/cias.uc.pt\/pt-pt\/noticias-e-eventos\/eventos\/#breadcrumb","itemListElement":[{"@type":"ListItem","position":1,"name":"In\u00edcio","item":"https:\/\/cias.uc.pt\/pt-pt\/"},{"@type":"ListItem","position":2,"name":"Not\u00edcias e Eventos","item":"https:\/\/cias.uc.pt\/pt-pt\/noticias-e-eventos\/"},{"@type":"ListItem","position":3,"name":"Eventos"}]},{"@type":"WebSite","@id":"https:\/\/cias.uc.pt\/pt-pt\/#website","url":"https:\/\/cias.uc.pt\/pt-pt\/","name":"CIAS","description":"Centro de Investiga\u00e7\u00e3o em Antropologia e Sa\u00fade","publisher":{"@id":"https:\/\/cias.uc.pt\/pt-pt\/#organization"},"potentialAction":[{"@type":"SearchAction","target":{"@type":"EntryPoint","urlTemplate":"https:\/\/cias.uc.pt\/pt-pt\/?s={search_term_string}"},"query-input":{"@type":"PropertyValueSpecification","valueRequired":true,"valueName":"search_term_string"}}],"inLanguage":"pt-PT"},{"@type":"Organization","@id":"https:\/\/cias.uc.pt\/pt-pt\/#organization","name":"Centro de Investiga\u00e7\u00e3o em Antropologia e Sa\u00fade","url":"https:\/\/cias.uc.pt\/pt-pt\/","logo":{"@type":"ImageObject","inLanguage":"pt-PT","@id":"https:\/\/cias.uc.pt\/pt-pt\/#\/schema\/logo\/image\/","url":"https:\/\/cias.uc.pt\/wp-content\/uploads\/2022\/06\/logo-cias.svg","contentUrl":"https:\/\/cias.uc.pt\/wp-content\/uploads\/2022\/06\/logo-cias.svg","width":640,"height":322,"caption":"Centro de Investiga\u00e7\u00e3o em Antropologia e Sa\u00fade"},"image":{"@id":"https:\/\/cias.uc.pt\/pt-pt\/#\/schema\/logo\/image\/"},"sameAs":["https:\/\/www.facebook.com\/CIASUC","https:\/\/x.com\/cias_uc","https:\/\/www.youtube.com\/channel\/UCdDMmUN7m4v_65jMPsE4pqg","https:\/\/www.instagram.com\/cias_uc\/"]}]}},"_links":{"self":[{"href":"https:\/\/cias.uc.pt\/pt-pt\/wp-json\/wp\/v2\/pages\/5040","targetHints":{"allow":["GET"]}}],"collection":[{"href":"https:\/\/cias.uc.pt\/pt-pt\/wp-json\/wp\/v2\/pages"}],"about":[{"href":"https:\/\/cias.uc.pt\/pt-pt\/wp-json\/wp\/v2\/types\/page"}],"author":[{"embeddable":true,"href":"https:\/\/cias.uc.pt\/pt-pt\/wp-json\/wp\/v2\/users\/1"}],"replies":[{"embeddable":true,"href":"https:\/\/cias.uc.pt\/pt-pt\/wp-json\/wp\/v2\/comments?post=5040"}],"version-history":[{"count":0,"href":"https:\/\/cias.uc.pt\/pt-pt\/wp-json\/wp\/v2\/pages\/5040\/revisions"}],"up":[{"embeddable":true,"href":"https:\/\/cias.uc.pt\/pt-pt\/wp-json\/wp\/v2\/pages\/3176"}],"wp:featuredmedia":[{"embeddable":true,"href":"https:\/\/cias.uc.pt\/pt-pt\/wp-json\/wp\/v2\/media\/131"}],"wp:attachment":[{"href":"https:\/\/cias.uc.pt\/pt-pt\/wp-json\/wp\/v2\/media?parent=5040"}],"curies":[{"name":"wp","href":"https:\/\/api.w.org\/{rel}","templated":true}]}}