{"id":1767,"date":"2022-06-11T12:31:06","date_gmt":"2022-06-11T11:31:06","guid":{"rendered":"https:\/\/cias.uc.pt\/cias\/conselho-consultivo\/"},"modified":"2023-04-26T21:48:22","modified_gmt":"2023-04-26T20:48:22","slug":"conselho-consultivo","status":"publish","type":"page","link":"https:\/\/cias.uc.pt\/pt-pt\/cias\/conselho-consultivo\/","title":{"rendered":"Conselho Consultivo"},"content":{"rendered":"\n<div class=\"wp-block-group is-layout-constrained wp-block-group-is-layout-constrained\">\n<p class=\"has-medium-font-size\"><strong>Charlotte Roberts<\/strong><\/p>\n\n\n\n<p>Department of Archaeology, Durham University, UK<br\/><a href=\"https:\/\/www.durham.ac.uk\/staff\/c-a-roberts\/\" target=\"_blank\" rel=\"noreferrer noopener\">P\u00e1gina pessoal<\/a><\/p>\n\n\n\n<p class=\"has-medium-font-size\"><strong>Michael Herzfeld<\/strong><\/p>\n\n\n\n<p>Ernest E. Monrad Research Professor of the Social Sciences Emeritus, Harvard University<br\/><a href=\"https:\/\/anthropology.fas.harvard.edu\/people\/michael-herzfeld\" target=\"_blank\" rel=\"noreferrer noopener\">P\u00e1gina pessoal<\/a><\/p>\n\n\n\n<p class=\"has-medium-font-size\"><strong>Paola Bianchi<\/strong><\/p>\n\n\n\n<p>Foundation IRCCS Ca\u2019Granda Ospedale Maggiore, Hematology 2 Unit, Milan, Italy<br\/><a href=\"https:\/\/www.policlinico.mi.it\/i-nostri-professionisti\/profilo\/1015\/bianchi-paola\" target=\"_blank\" rel=\"noreferrer noopener\">P\u00e1gina pessoal<\/a><\/p>\n\n\n\n<p class=\"has-medium-font-size\"><strong>Rick Schulting<\/strong><\/p>\n\n\n\n<p>School of Archaeology, University of Oxford, UK<br\/><a href=\"https:\/\/www.arch.ox.ac.uk\/people\/schulting-rick\" target=\"_blank\" rel=\"noreferrer noopener\">P\u00e1gina pessoal<\/a><\/p>\n\n\n\n<p class=\"has-medium-font-size\"><strong>Rui Miguel Duque de Brito<\/strong><\/p>\n\n\n\n<p>Escola Superior de Tecnologia da Sa\u00fade de Lisboa, Instituto Polit\u00e9cnico de Lisboa (ESTeSL\/IPL)<br\/><a href=\"https:\/\/orcid.org\/0000-0001-6394-658X\" target=\"_blank\" rel=\"noreferrer noopener\">P\u00e1gina pessoal<\/a><\/p>\n\n\n\n<p class=\"has-medium-font-size\"><strong>Stanley Ulijaszek<\/strong><\/p>\n\n\n\n<p>Institute of Social and Cultural Anthropology, University of Oxford, UK<br\/><a href=\"https:\/\/www.isca.ox.ac.uk\/people\/professor-stanley-ulijaszek\" target=\"_blank\" rel=\"noreferrer noopener\">P\u00e1gina pessoal<\/a><\/p>\n<\/div>\n","protected":false},"excerpt":{"rendered":"<p>O CIAS tem uma Comiss\u00e3o Externa de Acompanhamento para orienta\u00e7\u00e3o das suas atividades cient\u00edficas. Esta comiss\u00e3o \u00e9 constitu\u00edda por investigadores nacionais e internacionais e visa acompanhar e aconselhar o funcionamento da unidade de investiga\u00e7\u00e3o como estipulado no artigo 6\u00ba do Regulamento da FCT.<\/p>\n","protected":false},"author":1,"featured_media":131,"parent":1739,"menu_order":4,"comment_status":"closed","ping_status":"closed","template":"","meta":{"_acf_changed":false,"_et_pb_use_builder":"","_et_pb_old_content":"","_et_gb_content_width":"","footnotes":"","_links_to":"","_links_to_target":""},"class_list":["post-1767","page","type-page","status-publish","has-post-thumbnail","hentry"],"acf":[],"yoast_head":"<!-- This site is optimized with the Yoast SEO plugin v27.2 - https:\/\/yoast.com\/product\/yoast-seo-wordpress\/ -->\n<title>CIAS Conselho Consultivo - Centro de Investiga\u00e7\u00e3o em Antropologia e Sa\u00fade<\/title>\n<meta name=\"robots\" content=\"index, follow, max-snippet:-1, max-image-preview:large, max-video-preview:-1\" \/>\n<link rel=\"canonical\" href=\"https:\/\/cias.uc.pt\/pt-pt\/cias\/conselho-consultivo\/\" \/>\n<meta property=\"og:locale\" content=\"pt_PT\" \/>\n<meta property=\"og:type\" content=\"article\" \/>\n<meta property=\"og:title\" content=\"CIAS Conselho Consultivo - Centro de Investiga\u00e7\u00e3o em Antropologia e Sa\u00fade\" \/>\n<meta property=\"og:description\" content=\"O CIAS tem uma Comiss\u00e3o Externa de Acompanhamento para orienta\u00e7\u00e3o das suas atividades cient\u00edficas. Esta comiss\u00e3o \u00e9 constitu\u00edda por investigadores nacionais e internacionais e visa acompanhar e aconselhar o funcionamento da unidade de investiga\u00e7\u00e3o como estipulado no artigo 6\u00ba do Regulamento da FCT.\" \/>\n<meta property=\"og:site_name\" content=\"CIAS\" \/>\n<meta property=\"article:publisher\" content=\"https:\/\/www.facebook.com\/CIASUC\" \/>\n<meta property=\"article:modified_time\" content=\"2023-04-26T20:48:22+00:00\" \/>\n<meta property=\"og:image\" content=\"https:\/\/cias.uc.pt\/wp-content\/uploads\/2022\/06\/cias-bg-1.jpg\" \/>\n\t<meta property=\"og:image:width\" content=\"1920\" \/>\n\t<meta property=\"og:image:height\" content=\"1280\" \/>\n\t<meta property=\"og:image:type\" content=\"image\/jpeg\" \/>\n<meta name=\"twitter:card\" content=\"summary_large_image\" \/>\n<meta name=\"twitter:site\" content=\"@cias_uc\" \/>\n<script type=\"application\/ld+json\" class=\"yoast-schema-graph\">{\"@context\":\"https:\/\/schema.org\",\"@graph\":[{\"@type\":\"WebPage\",\"@id\":\"https:\/\/cias.uc.pt\/pt-pt\/cias\/conselho-consultivo\/\",\"url\":\"https:\/\/cias.uc.pt\/pt-pt\/cias\/conselho-consultivo\/\",\"name\":\"CIAS Conselho Consultivo - Centro de Investiga\u00e7\u00e3o em Antropologia e Sa\u00fade\",\"isPartOf\":{\"@id\":\"https:\/\/cias.uc.pt\/pt-pt\/#website\"},\"primaryImageOfPage\":{\"@id\":\"https:\/\/cias.uc.pt\/pt-pt\/cias\/conselho-consultivo\/#primaryimage\"},\"image\":{\"@id\":\"https:\/\/cias.uc.pt\/pt-pt\/cias\/conselho-consultivo\/#primaryimage\"},\"thumbnailUrl\":\"https:\/\/cias.uc.pt\/wp-content\/uploads\/2022\/06\/cias-bg-1.jpg\",\"datePublished\":\"2022-06-11T11:31:06+00:00\",\"dateModified\":\"2023-04-26T20:48:22+00:00\",\"breadcrumb\":{\"@id\":\"https:\/\/cias.uc.pt\/pt-pt\/cias\/conselho-consultivo\/#breadcrumb\"},\"inLanguage\":\"pt-PT\",\"potentialAction\":[{\"@type\":\"ReadAction\",\"target\":[\"https:\/\/cias.uc.pt\/pt-pt\/cias\/conselho-consultivo\/\"]}]},{\"@type\":\"ImageObject\",\"inLanguage\":\"pt-PT\",\"@id\":\"https:\/\/cias.uc.pt\/pt-pt\/cias\/conselho-consultivo\/#primaryimage\",\"url\":\"https:\/\/cias.uc.pt\/wp-content\/uploads\/2022\/06\/cias-bg-1.jpg\",\"contentUrl\":\"https:\/\/cias.uc.pt\/wp-content\/uploads\/2022\/06\/cias-bg-1.jpg\",\"width\":1920,\"height\":1280},{\"@type\":\"BreadcrumbList\",\"@id\":\"https:\/\/cias.uc.pt\/pt-pt\/cias\/conselho-consultivo\/#breadcrumb\",\"itemListElement\":[{\"@type\":\"ListItem\",\"position\":1,\"name\":\"In\u00edcio\",\"item\":\"https:\/\/cias.uc.pt\/pt-pt\/\"},{\"@type\":\"ListItem\",\"position\":2,\"name\":\"CIAS\",\"item\":\"https:\/\/cias.uc.pt\/pt-pt\/cias\/\"},{\"@type\":\"ListItem\",\"position\":3,\"name\":\"Conselho Consultivo\"}]},{\"@type\":\"WebSite\",\"@id\":\"https:\/\/cias.uc.pt\/pt-pt\/#website\",\"url\":\"https:\/\/cias.uc.pt\/pt-pt\/\",\"name\":\"CIAS\",\"description\":\"Centro de Investiga\u00e7\u00e3o em Antropologia e Sa\u00fade\",\"publisher\":{\"@id\":\"https:\/\/cias.uc.pt\/pt-pt\/#organization\"},\"potentialAction\":[{\"@type\":\"SearchAction\",\"target\":{\"@type\":\"EntryPoint\",\"urlTemplate\":\"https:\/\/cias.uc.pt\/pt-pt\/?s={search_term_string}\"},\"query-input\":{\"@type\":\"PropertyValueSpecification\",\"valueRequired\":true,\"valueName\":\"search_term_string\"}}],\"inLanguage\":\"pt-PT\"},{\"@type\":\"Organization\",\"@id\":\"https:\/\/cias.uc.pt\/pt-pt\/#organization\",\"name\":\"Centro de Investiga\u00e7\u00e3o em Antropologia e Sa\u00fade\",\"url\":\"https:\/\/cias.uc.pt\/pt-pt\/\",\"logo\":{\"@type\":\"ImageObject\",\"inLanguage\":\"pt-PT\",\"@id\":\"https:\/\/cias.uc.pt\/pt-pt\/#\/schema\/logo\/image\/\",\"url\":\"https:\/\/cias.uc.pt\/wp-content\/uploads\/2022\/06\/logo-cias.svg\",\"contentUrl\":\"https:\/\/cias.uc.pt\/wp-content\/uploads\/2022\/06\/logo-cias.svg\",\"width\":640,\"height\":322,\"caption\":\"Centro de Investiga\u00e7\u00e3o em Antropologia e Sa\u00fade\"},\"image\":{\"@id\":\"https:\/\/cias.uc.pt\/pt-pt\/#\/schema\/logo\/image\/\"},\"sameAs\":[\"https:\/\/www.facebook.com\/CIASUC\",\"https:\/\/x.com\/cias_uc\",\"https:\/\/www.youtube.com\/channel\/UCdDMmUN7m4v_65jMPsE4pqg\",\"https:\/\/www.instagram.com\/cias_uc\/\"]}]}<\/script>\n<!-- \/ Yoast SEO plugin. -->","yoast_head_json":{"title":"CIAS Conselho Consultivo - Centro de Investiga\u00e7\u00e3o em Antropologia e Sa\u00fade","robots":{"index":"index","follow":"follow","max-snippet":"max-snippet:-1","max-image-preview":"max-image-preview:large","max-video-preview":"max-video-preview:-1"},"canonical":"https:\/\/cias.uc.pt\/pt-pt\/cias\/conselho-consultivo\/","og_locale":"pt_PT","og_type":"article","og_title":"CIAS Conselho Consultivo - Centro de Investiga\u00e7\u00e3o em Antropologia e Sa\u00fade","og_description":"O CIAS tem uma Comiss\u00e3o Externa de Acompanhamento para orienta\u00e7\u00e3o das suas atividades cient\u00edficas. Esta comiss\u00e3o \u00e9 constitu\u00edda por investigadores nacionais e internacionais e visa acompanhar e aconselhar o funcionamento da unidade de investiga\u00e7\u00e3o como estipulado no artigo 6\u00ba do Regulamento da FCT.","og_site_name":"CIAS","article_publisher":"https:\/\/www.facebook.com\/CIASUC","article_modified_time":"2023-04-26T20:48:22+00:00","og_image":[{"width":1920,"height":1280,"url":"https:\/\/cias.uc.pt\/wp-content\/uploads\/2022\/06\/cias-bg-1.jpg","type":"image\/jpeg"}],"twitter_card":"summary_large_image","twitter_site":"@cias_uc","schema":{"@context":"https:\/\/schema.org","@graph":[{"@type":"WebPage","@id":"https:\/\/cias.uc.pt\/pt-pt\/cias\/conselho-consultivo\/","url":"https:\/\/cias.uc.pt\/pt-pt\/cias\/conselho-consultivo\/","name":"CIAS Conselho Consultivo - Centro de Investiga\u00e7\u00e3o em Antropologia e Sa\u00fade","isPartOf":{"@id":"https:\/\/cias.uc.pt\/pt-pt\/#website"},"primaryImageOfPage":{"@id":"https:\/\/cias.uc.pt\/pt-pt\/cias\/conselho-consultivo\/#primaryimage"},"image":{"@id":"https:\/\/cias.uc.pt\/pt-pt\/cias\/conselho-consultivo\/#primaryimage"},"thumbnailUrl":"https:\/\/cias.uc.pt\/wp-content\/uploads\/2022\/06\/cias-bg-1.jpg","datePublished":"2022-06-11T11:31:06+00:00","dateModified":"2023-04-26T20:48:22+00:00","breadcrumb":{"@id":"https:\/\/cias.uc.pt\/pt-pt\/cias\/conselho-consultivo\/#breadcrumb"},"inLanguage":"pt-PT","potentialAction":[{"@type":"ReadAction","target":["https:\/\/cias.uc.pt\/pt-pt\/cias\/conselho-consultivo\/"]}]},{"@type":"ImageObject","inLanguage":"pt-PT","@id":"https:\/\/cias.uc.pt\/pt-pt\/cias\/conselho-consultivo\/#primaryimage","url":"https:\/\/cias.uc.pt\/wp-content\/uploads\/2022\/06\/cias-bg-1.jpg","contentUrl":"https:\/\/cias.uc.pt\/wp-content\/uploads\/2022\/06\/cias-bg-1.jpg","width":1920,"height":1280},{"@type":"BreadcrumbList","@id":"https:\/\/cias.uc.pt\/pt-pt\/cias\/conselho-consultivo\/#breadcrumb","itemListElement":[{"@type":"ListItem","position":1,"name":"In\u00edcio","item":"https:\/\/cias.uc.pt\/pt-pt\/"},{"@type":"ListItem","position":2,"name":"CIAS","item":"https:\/\/cias.uc.pt\/pt-pt\/cias\/"},{"@type":"ListItem","position":3,"name":"Conselho Consultivo"}]},{"@type":"WebSite","@id":"https:\/\/cias.uc.pt\/pt-pt\/#website","url":"https:\/\/cias.uc.pt\/pt-pt\/","name":"CIAS","description":"Centro de Investiga\u00e7\u00e3o em Antropologia e Sa\u00fade","publisher":{"@id":"https:\/\/cias.uc.pt\/pt-pt\/#organization"},"potentialAction":[{"@type":"SearchAction","target":{"@type":"EntryPoint","urlTemplate":"https:\/\/cias.uc.pt\/pt-pt\/?s={search_term_string}"},"query-input":{"@type":"PropertyValueSpecification","valueRequired":true,"valueName":"search_term_string"}}],"inLanguage":"pt-PT"},{"@type":"Organization","@id":"https:\/\/cias.uc.pt\/pt-pt\/#organization","name":"Centro de Investiga\u00e7\u00e3o em Antropologia e Sa\u00fade","url":"https:\/\/cias.uc.pt\/pt-pt\/","logo":{"@type":"ImageObject","inLanguage":"pt-PT","@id":"https:\/\/cias.uc.pt\/pt-pt\/#\/schema\/logo\/image\/","url":"https:\/\/cias.uc.pt\/wp-content\/uploads\/2022\/06\/logo-cias.svg","contentUrl":"https:\/\/cias.uc.pt\/wp-content\/uploads\/2022\/06\/logo-cias.svg","width":640,"height":322,"caption":"Centro de Investiga\u00e7\u00e3o em Antropologia e Sa\u00fade"},"image":{"@id":"https:\/\/cias.uc.pt\/pt-pt\/#\/schema\/logo\/image\/"},"sameAs":["https:\/\/www.facebook.com\/CIASUC","https:\/\/x.com\/cias_uc","https:\/\/www.youtube.com\/channel\/UCdDMmUN7m4v_65jMPsE4pqg","https:\/\/www.instagram.com\/cias_uc\/"]}]}},"_links":{"self":[{"href":"https:\/\/cias.uc.pt\/pt-pt\/wp-json\/wp\/v2\/pages\/1767","targetHints":{"allow":["GET"]}}],"collection":[{"href":"https:\/\/cias.uc.pt\/pt-pt\/wp-json\/wp\/v2\/pages"}],"about":[{"href":"https:\/\/cias.uc.pt\/pt-pt\/wp-json\/wp\/v2\/types\/page"}],"author":[{"embeddable":true,"href":"https:\/\/cias.uc.pt\/pt-pt\/wp-json\/wp\/v2\/users\/1"}],"replies":[{"embeddable":true,"href":"https:\/\/cias.uc.pt\/pt-pt\/wp-json\/wp\/v2\/comments?post=1767"}],"version-history":[{"count":0,"href":"https:\/\/cias.uc.pt\/pt-pt\/wp-json\/wp\/v2\/pages\/1767\/revisions"}],"up":[{"embeddable":true,"href":"https:\/\/cias.uc.pt\/pt-pt\/wp-json\/wp\/v2\/pages\/1739"}],"wp:featuredmedia":[{"embeddable":true,"href":"https:\/\/cias.uc.pt\/pt-pt\/wp-json\/wp\/v2\/media\/131"}],"wp:attachment":[{"href":"https:\/\/cias.uc.pt\/pt-pt\/wp-json\/wp\/v2\/media?parent=1767"}],"curies":[{"name":"wp","href":"https:\/\/api.w.org\/{rel}","templated":true}]}}