{"id":1746,"date":"2022-06-10T19:06:38","date_gmt":"2022-06-10T18:06:38","guid":{"rendered":"https:\/\/cias.uc.pt\/cias\/sobre-nos\/"},"modified":"2023-04-26T21:27:40","modified_gmt":"2023-04-26T20:27:40","slug":"sobre-nos","status":"publish","type":"page","link":"https:\/\/cias.uc.pt\/pt-pt\/cias\/sobre-nos\/","title":{"rendered":"Sobre N\u00f3s"},"content":{"rendered":"\n<p>O CIAS \u00e9 um centro de investiga\u00e7\u00e3o internacional, que se situa no campo multidisciplinar da antropologia, para explorar um amplo conjunto de t\u00f3picos relacionados com o estudo das sociedades humanas passadas e presentes. Atrav\u00e9s de uma abordagem hol\u00edstica, o CIAS re\u00fane investigadores de diversos campos disciplinares \u2013 incluindo a antropologia biol\u00f3gica, a antropologia social e cultural, a antropologia m\u00e9dica, a arqueologia, a geografia humana, as ci\u00eancias sociais, as ci\u00eancias do desporto, a nutri\u00e7\u00e3o e as humanidades ambientais \u2013 com o intuito de promover sinergias entre diferentes perspetivas de investiga\u00e7\u00e3o e a articula\u00e7\u00e3o de abordagens centradas na pessoa e na comunidade, dentro de quadros te\u00f3ricos mais amplos. A investiga\u00e7\u00e3o desenvolvida atualmente no CIAS prende-se sobretudo com quest\u00f5es de socialidade humana, sa\u00fade e bem-estar e com as rela\u00e7\u00f5es ser humano-ambiente. O amplo leque de contextos, associado aos conhecimentos da antropologia evolutiva e biocultural, contribuem para uma an\u00e1lise cr\u00edtica dos desenvolvimentos hist\u00f3ricos e contempor\u00e2neos. <\/p>\n\n\n\n<div style=\"height:30px\" aria-hidden=\"true\" class=\"wp-block-spacer\"><\/div>\n\n\n\n<p class=\"has-background\" style=\"background-color:#e0b96d1a\"><strong>O conjunto de t\u00f3picos de investiga\u00e7\u00e3o do CIAS inclui:<\/strong><\/p>\n\n\n\n<p class=\"has-background\" style=\"background-color:#e0b96d1a\">Perspetivas diacr\u00f3nicas e evolutivas em grande escala sobre sa\u00fade, doen\u00e7a e organiza\u00e7\u00e3o sociocultural, atrav\u00e9s da an\u00e1lise de restos de esqueletos humanos de diversos contextos cronol\u00f3gicos e geogr\u00e1ficos. A \u00eanfase nesta linha de investiga\u00e7\u00e3o inclui avalia\u00e7\u00f5es das condi\u00e7\u00f5es de vida, paleodietas, padr\u00f5es de mobilidade, paleopatologia, paleoepidemiologia, pr\u00e1ticas funer\u00e1rias, din\u00e2mica das popula\u00e7\u00f5es do passado, varia\u00e7\u00e3o morfol\u00f3gica e paleoantropologia.<\/p>\n\n\n\n<p class=\"has-background\" style=\"background-color:#e0b96d1a\">Desenvolvimento e aperfei\u00e7oamento de m\u00e9todos bioantropol\u00f3gicos para a estimativa de perfis biol\u00f3gicos (ex.: sexo, idade, estatura e ancestralidade) para aplica\u00e7\u00f5es bioarqueol\u00f3gicas e forenses.<\/p>\n\n\n\n<p class=\"has-background\" style=\"background-color:#e0b96d1a\">A investiga\u00e7\u00e3o de quest\u00f5es contempor\u00e2neas de grande import\u00e2ncia para a sa\u00fade e bem-estar, como a contribui\u00e7\u00e3o das desigualdades sociais e do g\u00e9nero para padr\u00f5es de obesidade infantil, o modo como o mundo cada vez mais digitalizado continua a transformar a vida das crian\u00e7as, as implica\u00e7\u00f5es recentes e a longo prazo das pandemias e da guerra e as repercuss\u00f5es financeiras decorrentes destas quest\u00f5es e de outras relacionadas.<\/p>\n\n\n\n<p class=\"has-background\" style=\"background-color:#e0b96d1a\">O estudo da variabilidade gen\u00e9tica humana associada a fen\u00f3tipos de doen\u00e7as, incluindo a base gen\u00e9tica de condi\u00e7\u00f5es complexas (tais como obesidade e longevidade) e condi\u00e7\u00f5es hematol\u00f3gicas (incluindo defici\u00eancias enzim\u00e1ticas dos eritr\u00f3citos, hemoglobinopatias e doen\u00e7as tromb\u00f3ticas venosas); estudos gen\u00e9ticos populacionais utilizando variantes do cromossoma Y e autoss\u00f3micas, e estudos epigen\u00e9ticos baseados na an\u00e1lise da metila\u00e7\u00e3o do ADN, s\u00e3o tamb\u00e9m objetivos importantes deste grupo.<\/p>\n\n\n\n<p class=\"has-background\" style=\"background-color:#e0b96d1a\">Pesquisa qualitativa em diferentes partes do mundo sobre quest\u00f5es de transforma\u00e7\u00e3o social e cultural em contextos de modernidade e globaliza\u00e7\u00e3o. Esta pesquisa coloca em foco as experi\u00eancias humanas e os desafios sociais de viver num mundo cada vez mais dominado por for\u00e7as verticais de governan\u00e7a que procuram resolver problemas e melhorar a sociedade, mas que tamb\u00e9m t\u00eam consequ\u00eancias negativas e n\u00e3o planeadas.<\/p>\n\n\n\n<p class=\"has-background\" style=\"background-color:#e0b96d1a\">Pesquisa multidisciplinar que promove o desenvolvimento de perspectivas multi-esp\u00e9cie e p\u00f3s-humanas sobre quest\u00f5es contempor\u00e2neas de degrada\u00e7\u00e3o ambiental e altera\u00e7\u00f5es clim\u00e1ticas. Esta pesquisa questiona a sustentabilidade dos modelos dominantes de crescimento econ\u00f3mico, situando o desdobramento das formas contempor\u00e2neas de modernidade tecnocient\u00edfica num contexto mais amplo de ecologias compartilhadas e emaranhados multi-esp\u00e9cie.<\/p>\n\n\n\n<div style=\"height:30px\" aria-hidden=\"true\" class=\"wp-block-spacer\"><\/div>\n\n\n\n<p><p><span style=\"font-weight: 400;\">Localizado na Universidade de Coimbra, institui\u00e7\u00e3o com mais de 700 anos de hist\u00f3ria, o CIAS<\/span> \u00e9 amplamente considerado como um dos mais promissores e internacionais centros de investiga\u00e7\u00e3o antropol\u00f3gica da Europa. O Centro foi criado em 1994, mas a sua hist\u00f3ria remonta ao mais antigo Instituto de Antropologia em Portugal que foi fundado em 1885. O CIAS foi substancialmente reconfigurado em 2007 e obteve classifica\u00e7\u00f5es muito elevadas em todas as avalia\u00e7\u00f5es internacionais subsequentes. Como um Centro de investiga\u00e7\u00e3o inerentemente internacional, os membros do CIAS est\u00e3o comprometidos com o desenvolvimento de uma comunidade de investiga\u00e7\u00e3o antropol\u00f3gica transnacional. Assim, o Centro esta ativamente envolvido em v\u00e1rios projetos de investiga\u00e7\u00e3o, redes e programas internacionais. Os investigadores do CIAS est\u00e3o envolvidos em projetos de campo \u00e0 escala global e t\u00eam acesso direto a trabalhos de campo biol\u00f3gicos na Europa, Africa, Am\u00e9rica do Sul, Am\u00e9rica do Norte e \u00c1sia. Para al\u00e9m de promover atividades de investiga\u00e7\u00e3o, o Centro oferece cursos de forma\u00e7\u00e3o, acolhe estudantes de p\u00f3s-gradua\u00e7\u00e3o e promove eventos p\u00fablicos como semin\u00e1rios de investiga\u00e7\u00e3o, oficinas e reuni\u00f5es cient\u00edficas. O Centro est\u00e1 tamb\u00e9m ativamente envolvido na publica\u00e7\u00e3o de investiga\u00e7\u00e3o antropol\u00f3gica ao mais alto n\u00edvel. A revista do Centro, <em>Antropologia Portuguesa,<\/em> \u00e9 a mais antiga revista de antropologia em Portugal e a sua qualidade \u00e9 internacionalmente reconhecida pelas principais bases de dados como a Scopus, Web of Knowledge, e Capes Qualis.<\/p><\/p>\n\n\n\n<p>O CIAS tem atualmente quatro grupos de investiga\u00e7\u00e3o interdisciplinares. Cada um destes grupos de investiga\u00e7\u00e3o tem uma equipa reconhecida de investigadores, mas existem sobreposi\u00e7\u00f5es significativas entre os grupos, e muitas vezes cooperam entre si em projetos, temas e contextos de investiga\u00e7\u00e3o.<\/p>\n","protected":false},"excerpt":{"rendered":"<p>CIAS \u00e9 um centro de investiga\u00e7\u00e3o internacional no campo da antropologia e das ci\u00eancias sociais que explora uma vasta gama de t\u00f3picos no estudo das sociedades humanas passadas e presentes.<\/p>\n","protected":false},"author":1,"featured_media":131,"parent":1739,"menu_order":1,"comment_status":"closed","ping_status":"closed","template":"","meta":{"_et_pb_use_builder":"","_et_pb_old_content":"","_et_gb_content_width":"","footnotes":"","_links_to":"","_links_to_target":""},"class_list":["post-1746","page","type-page","status-publish","has-post-thumbnail","hentry"],"acf":[],"yoast_head":"<!-- This site is optimized with the Yoast SEO plugin v27.6 - https:\/\/yoast.com\/product\/yoast-seo-wordpress\/ -->\n<title>About CIAS - Centro de Investiga\u00e7\u00e3o em Antropologia e Sa\u00fade<\/title>\n<meta name=\"robots\" content=\"index, follow, max-snippet:-1, max-image-preview:large, max-video-preview:-1\" \/>\n<link rel=\"canonical\" href=\"https:\/\/cias.uc.pt\/pt-pt\/cias\/sobre-nos\/\" \/>\n<meta property=\"og:locale\" content=\"pt_PT\" \/>\n<meta property=\"og:type\" content=\"article\" \/>\n<meta property=\"og:title\" content=\"About CIAS - Centro de Investiga\u00e7\u00e3o em Antropologia e Sa\u00fade\" \/>\n<meta property=\"og:description\" content=\"CIAS \u00e9 um centro de investiga\u00e7\u00e3o internacional no campo da antropologia e das ci\u00eancias sociais que explora uma vasta gama de t\u00f3picos no estudo das sociedades humanas passadas e presentes.\" \/>\n<meta property=\"og:site_name\" content=\"CIAS\" \/>\n<meta property=\"article:publisher\" content=\"https:\/\/www.facebook.com\/CIASUC\" \/>\n<meta property=\"article:modified_time\" content=\"2023-04-26T20:27:40+00:00\" \/>\n<meta property=\"og:image\" content=\"https:\/\/cias.uc.pt\/wp-content\/uploads\/2022\/06\/cias-bg-1.jpg\" \/>\n\t<meta property=\"og:image:width\" content=\"1920\" \/>\n\t<meta property=\"og:image:height\" content=\"1280\" \/>\n\t<meta property=\"og:image:type\" content=\"image\/jpeg\" \/>\n<meta name=\"twitter:card\" content=\"summary_large_image\" \/>\n<meta name=\"twitter:site\" content=\"@cias_uc\" \/>\n<meta name=\"twitter:label1\" content=\"Tempo estimado de leitura\" \/>\n\t<meta name=\"twitter:data1\" content=\"4 minutos\" \/>\n<script type=\"application\/ld+json\" class=\"yoast-schema-graph\">{\"@context\":\"https:\\\/\\\/schema.org\",\"@graph\":[{\"@type\":\"WebPage\",\"@id\":\"https:\\\/\\\/cias.uc.pt\\\/pt-pt\\\/cias\\\/sobre-nos\\\/\",\"url\":\"https:\\\/\\\/cias.uc.pt\\\/pt-pt\\\/cias\\\/sobre-nos\\\/\",\"name\":\"About CIAS - Centro de Investiga\u00e7\u00e3o em Antropologia e Sa\u00fade\",\"isPartOf\":{\"@id\":\"https:\\\/\\\/cias.uc.pt\\\/pt-pt\\\/#website\"},\"primaryImageOfPage\":{\"@id\":\"https:\\\/\\\/cias.uc.pt\\\/pt-pt\\\/cias\\\/sobre-nos\\\/#primaryimage\"},\"image\":{\"@id\":\"https:\\\/\\\/cias.uc.pt\\\/pt-pt\\\/cias\\\/sobre-nos\\\/#primaryimage\"},\"thumbnailUrl\":\"https:\\\/\\\/cias.uc.pt\\\/wp-content\\\/uploads\\\/2022\\\/06\\\/cias-bg-1.jpg\",\"datePublished\":\"2022-06-10T18:06:38+00:00\",\"dateModified\":\"2023-04-26T20:27:40+00:00\",\"breadcrumb\":{\"@id\":\"https:\\\/\\\/cias.uc.pt\\\/pt-pt\\\/cias\\\/sobre-nos\\\/#breadcrumb\"},\"inLanguage\":\"pt-PT\",\"potentialAction\":[{\"@type\":\"ReadAction\",\"target\":[\"https:\\\/\\\/cias.uc.pt\\\/pt-pt\\\/cias\\\/sobre-nos\\\/\"]}]},{\"@type\":\"ImageObject\",\"inLanguage\":\"pt-PT\",\"@id\":\"https:\\\/\\\/cias.uc.pt\\\/pt-pt\\\/cias\\\/sobre-nos\\\/#primaryimage\",\"url\":\"https:\\\/\\\/cias.uc.pt\\\/wp-content\\\/uploads\\\/2022\\\/06\\\/cias-bg-1.jpg\",\"contentUrl\":\"https:\\\/\\\/cias.uc.pt\\\/wp-content\\\/uploads\\\/2022\\\/06\\\/cias-bg-1.jpg\",\"width\":1920,\"height\":1280},{\"@type\":\"BreadcrumbList\",\"@id\":\"https:\\\/\\\/cias.uc.pt\\\/pt-pt\\\/cias\\\/sobre-nos\\\/#breadcrumb\",\"itemListElement\":[{\"@type\":\"ListItem\",\"position\":1,\"name\":\"In\u00edcio\",\"item\":\"https:\\\/\\\/cias.uc.pt\\\/pt-pt\\\/\"},{\"@type\":\"ListItem\",\"position\":2,\"name\":\"CIAS\",\"item\":\"https:\\\/\\\/cias.uc.pt\\\/pt-pt\\\/cias\\\/\"},{\"@type\":\"ListItem\",\"position\":3,\"name\":\"Sobre N\u00f3s\"}]},{\"@type\":\"WebSite\",\"@id\":\"https:\\\/\\\/cias.uc.pt\\\/pt-pt\\\/#website\",\"url\":\"https:\\\/\\\/cias.uc.pt\\\/pt-pt\\\/\",\"name\":\"CIAS\",\"description\":\"Centro de Investiga\u00e7\u00e3o em Antropologia e Sa\u00fade\",\"publisher\":{\"@id\":\"https:\\\/\\\/cias.uc.pt\\\/pt-pt\\\/#organization\"},\"potentialAction\":[{\"@type\":\"SearchAction\",\"target\":{\"@type\":\"EntryPoint\",\"urlTemplate\":\"https:\\\/\\\/cias.uc.pt\\\/pt-pt\\\/?s={search_term_string}\"},\"query-input\":{\"@type\":\"PropertyValueSpecification\",\"valueRequired\":true,\"valueName\":\"search_term_string\"}}],\"inLanguage\":\"pt-PT\"},{\"@type\":\"Organization\",\"@id\":\"https:\\\/\\\/cias.uc.pt\\\/pt-pt\\\/#organization\",\"name\":\"Centro de Investiga\u00e7\u00e3o em Antropologia e Sa\u00fade\",\"url\":\"https:\\\/\\\/cias.uc.pt\\\/pt-pt\\\/\",\"logo\":{\"@type\":\"ImageObject\",\"inLanguage\":\"pt-PT\",\"@id\":\"https:\\\/\\\/cias.uc.pt\\\/pt-pt\\\/#\\\/schema\\\/logo\\\/image\\\/\",\"url\":\"https:\\\/\\\/cias.uc.pt\\\/wp-content\\\/uploads\\\/2022\\\/06\\\/logo-cias.svg\",\"contentUrl\":\"https:\\\/\\\/cias.uc.pt\\\/wp-content\\\/uploads\\\/2022\\\/06\\\/logo-cias.svg\",\"width\":640,\"height\":322,\"caption\":\"Centro de Investiga\u00e7\u00e3o em Antropologia e Sa\u00fade\"},\"image\":{\"@id\":\"https:\\\/\\\/cias.uc.pt\\\/pt-pt\\\/#\\\/schema\\\/logo\\\/image\\\/\"},\"sameAs\":[\"https:\\\/\\\/www.facebook.com\\\/CIASUC\",\"https:\\\/\\\/x.com\\\/cias_uc\",\"https:\\\/\\\/www.youtube.com\\\/channel\\\/UCdDMmUN7m4v_65jMPsE4pqg\",\"https:\\\/\\\/www.instagram.com\\\/cias_uc\\\/\"]}]}<\/script>\n<!-- \/ Yoast SEO plugin. -->","yoast_head_json":{"title":"About CIAS - Centro de Investiga\u00e7\u00e3o em Antropologia e Sa\u00fade","robots":{"index":"index","follow":"follow","max-snippet":"max-snippet:-1","max-image-preview":"max-image-preview:large","max-video-preview":"max-video-preview:-1"},"canonical":"https:\/\/cias.uc.pt\/pt-pt\/cias\/sobre-nos\/","og_locale":"pt_PT","og_type":"article","og_title":"About CIAS - Centro de Investiga\u00e7\u00e3o em Antropologia e Sa\u00fade","og_description":"CIAS \u00e9 um centro de investiga\u00e7\u00e3o internacional no campo da antropologia e das ci\u00eancias sociais que explora uma vasta gama de t\u00f3picos no estudo das sociedades humanas passadas e presentes.","og_site_name":"CIAS","article_publisher":"https:\/\/www.facebook.com\/CIASUC","article_modified_time":"2023-04-26T20:27:40+00:00","og_image":[{"width":1920,"height":1280,"url":"https:\/\/cias.uc.pt\/wp-content\/uploads\/2022\/06\/cias-bg-1.jpg","type":"image\/jpeg"}],"twitter_card":"summary_large_image","twitter_site":"@cias_uc","twitter_misc":{"Tempo estimado de leitura":"4 minutos"},"schema":{"@context":"https:\/\/schema.org","@graph":[{"@type":"WebPage","@id":"https:\/\/cias.uc.pt\/pt-pt\/cias\/sobre-nos\/","url":"https:\/\/cias.uc.pt\/pt-pt\/cias\/sobre-nos\/","name":"About CIAS - Centro de Investiga\u00e7\u00e3o em Antropologia e Sa\u00fade","isPartOf":{"@id":"https:\/\/cias.uc.pt\/pt-pt\/#website"},"primaryImageOfPage":{"@id":"https:\/\/cias.uc.pt\/pt-pt\/cias\/sobre-nos\/#primaryimage"},"image":{"@id":"https:\/\/cias.uc.pt\/pt-pt\/cias\/sobre-nos\/#primaryimage"},"thumbnailUrl":"https:\/\/cias.uc.pt\/wp-content\/uploads\/2022\/06\/cias-bg-1.jpg","datePublished":"2022-06-10T18:06:38+00:00","dateModified":"2023-04-26T20:27:40+00:00","breadcrumb":{"@id":"https:\/\/cias.uc.pt\/pt-pt\/cias\/sobre-nos\/#breadcrumb"},"inLanguage":"pt-PT","potentialAction":[{"@type":"ReadAction","target":["https:\/\/cias.uc.pt\/pt-pt\/cias\/sobre-nos\/"]}]},{"@type":"ImageObject","inLanguage":"pt-PT","@id":"https:\/\/cias.uc.pt\/pt-pt\/cias\/sobre-nos\/#primaryimage","url":"https:\/\/cias.uc.pt\/wp-content\/uploads\/2022\/06\/cias-bg-1.jpg","contentUrl":"https:\/\/cias.uc.pt\/wp-content\/uploads\/2022\/06\/cias-bg-1.jpg","width":1920,"height":1280},{"@type":"BreadcrumbList","@id":"https:\/\/cias.uc.pt\/pt-pt\/cias\/sobre-nos\/#breadcrumb","itemListElement":[{"@type":"ListItem","position":1,"name":"In\u00edcio","item":"https:\/\/cias.uc.pt\/pt-pt\/"},{"@type":"ListItem","position":2,"name":"CIAS","item":"https:\/\/cias.uc.pt\/pt-pt\/cias\/"},{"@type":"ListItem","position":3,"name":"Sobre N\u00f3s"}]},{"@type":"WebSite","@id":"https:\/\/cias.uc.pt\/pt-pt\/#website","url":"https:\/\/cias.uc.pt\/pt-pt\/","name":"CIAS","description":"Centro de Investiga\u00e7\u00e3o em Antropologia e Sa\u00fade","publisher":{"@id":"https:\/\/cias.uc.pt\/pt-pt\/#organization"},"potentialAction":[{"@type":"SearchAction","target":{"@type":"EntryPoint","urlTemplate":"https:\/\/cias.uc.pt\/pt-pt\/?s={search_term_string}"},"query-input":{"@type":"PropertyValueSpecification","valueRequired":true,"valueName":"search_term_string"}}],"inLanguage":"pt-PT"},{"@type":"Organization","@id":"https:\/\/cias.uc.pt\/pt-pt\/#organization","name":"Centro de Investiga\u00e7\u00e3o em Antropologia e Sa\u00fade","url":"https:\/\/cias.uc.pt\/pt-pt\/","logo":{"@type":"ImageObject","inLanguage":"pt-PT","@id":"https:\/\/cias.uc.pt\/pt-pt\/#\/schema\/logo\/image\/","url":"https:\/\/cias.uc.pt\/wp-content\/uploads\/2022\/06\/logo-cias.svg","contentUrl":"https:\/\/cias.uc.pt\/wp-content\/uploads\/2022\/06\/logo-cias.svg","width":640,"height":322,"caption":"Centro de Investiga\u00e7\u00e3o em Antropologia e Sa\u00fade"},"image":{"@id":"https:\/\/cias.uc.pt\/pt-pt\/#\/schema\/logo\/image\/"},"sameAs":["https:\/\/www.facebook.com\/CIASUC","https:\/\/x.com\/cias_uc","https:\/\/www.youtube.com\/channel\/UCdDMmUN7m4v_65jMPsE4pqg","https:\/\/www.instagram.com\/cias_uc\/"]}]}},"_links":{"self":[{"href":"https:\/\/cias.uc.pt\/pt-pt\/wp-json\/wp\/v2\/pages\/1746","targetHints":{"allow":["GET"]}}],"collection":[{"href":"https:\/\/cias.uc.pt\/pt-pt\/wp-json\/wp\/v2\/pages"}],"about":[{"href":"https:\/\/cias.uc.pt\/pt-pt\/wp-json\/wp\/v2\/types\/page"}],"author":[{"embeddable":true,"href":"https:\/\/cias.uc.pt\/pt-pt\/wp-json\/wp\/v2\/users\/1"}],"replies":[{"embeddable":true,"href":"https:\/\/cias.uc.pt\/pt-pt\/wp-json\/wp\/v2\/comments?post=1746"}],"version-history":[{"count":0,"href":"https:\/\/cias.uc.pt\/pt-pt\/wp-json\/wp\/v2\/pages\/1746\/revisions"}],"up":[{"embeddable":true,"href":"https:\/\/cias.uc.pt\/pt-pt\/wp-json\/wp\/v2\/pages\/1739"}],"wp:featuredmedia":[{"embeddable":true,"href":"https:\/\/cias.uc.pt\/pt-pt\/wp-json\/wp\/v2\/media\/131"}],"wp:attachment":[{"href":"https:\/\/cias.uc.pt\/pt-pt\/wp-json\/wp\/v2\/media?parent=1746"}],"curies":[{"name":"wp","href":"https:\/\/api.w.org\/{rel}","templated":true}]}}